{"id":20,"date":"2023-03-17T14:32:41","date_gmt":"2023-03-17T14:32:41","guid":{"rendered":"https:\/\/stadtkapelle-gammertingen.de\/?page_id=20"},"modified":"2026-03-28T11:02:53","modified_gmt":"2026-03-28T11:02:53","slug":"ueber-uns","status":"publish","type":"page","link":"https:\/\/stadtkapelle-gammertingen.de\/?page_id=20","title":{"rendered":"Vorstandschaft"},"content":{"rendered":"<div class=\"wp-block-image\">\n<figure class=\"aligncenter size-large is-resized\"><img loading=\"lazy\" decoding=\"async\" width=\"768\" height=\"1024\" src=\"https:\/\/stadtkapelle-gammertingen.de\/wp-content\/uploads\/2026\/03\/5404f50e-9e58-46e4-b361-2d9b73dcd5cd-1-768x1024.jpg\" alt=\"\" class=\"wp-image-1320\" style=\"width:373px;height:auto\" srcset=\"https:\/\/stadtkapelle-gammertingen.de\/wp-content\/uploads\/2026\/03\/5404f50e-9e58-46e4-b361-2d9b73dcd5cd-1-768x1024.jpg 768w, https:\/\/stadtkapelle-gammertingen.de\/wp-content\/uploads\/2026\/03\/5404f50e-9e58-46e4-b361-2d9b73dcd5cd-1-225x300.jpg 225w, https:\/\/stadtkapelle-gammertingen.de\/wp-content\/uploads\/2026\/03\/5404f50e-9e58-46e4-b361-2d9b73dcd5cd-1-1152x1536.jpg 1152w, https:\/\/stadtkapelle-gammertingen.de\/wp-content\/uploads\/2026\/03\/5404f50e-9e58-46e4-b361-2d9b73dcd5cd-1-1320x1760.jpg 1320w, https:\/\/stadtkapelle-gammertingen.de\/wp-content\/uploads\/2026\/03\/5404f50e-9e58-46e4-b361-2d9b73dcd5cd-1.jpg 1536w\" sizes=\"auto, (max-width: 768px) 100vw, 768px\" \/><\/figure>\n<\/div>\n\n\n<hr class=\"wp-block-separator alignwide has-alpha-channel-opacity\"\/>\n\n\n\n<p class=\"has-text-align-center has-contrast-color has-text-color has-link-color wp-elements-cb93802de1bff2508139051901339492\" style=\"font-size:15px;font-style:normal;font-weight:300\"><strong>Die Vorstandschaft<\/strong><\/p>\n\n\n\n<p class=\"has-link-color wp-elements-900c897cf318db29776e92ee40fb771f\" style=\"font-size:15px;font-style:normal;font-weight:300\"><strong>Vorsitzender Verwaltung <\/strong> I Noemi Butzengeiger<\/p>\n\n\n\n<p class=\"has-link-color wp-elements-426bfc79da4e482ae557f4d0388ab1f6\" style=\"font-size:15px;font-style:normal;font-weight:300\"><strong>Vorsitzender \u00d6ffentlichkeitsarbeit<\/strong>    I Dorothee Pfattner<\/p>\n\n\n\n<p class=\"has-link-color wp-elements-67141d7bcc11bc5de3e61df20a2d5be4\" style=\"font-size:15px;font-style:normal;font-weight:300\"><strong>Vorsitzender Event<\/strong> I Markus Reiser<\/p>\n\n\n\n<p class=\"has-link-color wp-elements-0052ff7b6a787bb3f2e09c714a3e758f\" style=\"font-size:15px;font-style:normal;font-weight:300\"><strong>Kassiererin<\/strong> I Ursula Straubinger<\/p>\n\n\n\n<hr class=\"wp-block-separator has-alpha-channel-opacity\"\/>\n\n\n\n<p class=\"has-text-align-center has-contrast-color has-text-color has-link-color wp-elements-0b71cb8ebd7f6629464d9270ab400e7d\" style=\"font-size:15px;font-style:normal;font-weight:300\"><strong>Der<\/strong> <strong>Ausschu\u00df<\/strong> <\/p>\n\n\n\n<p class=\"has-link-color wp-elements-b0a0d816316ae503cca6207674769fd1\" style=\"font-size:15px;font-style:normal;font-weight:300\"><strong>Schriftf\u00fchrer<\/strong> I Barbara Bonanno<\/p>\n\n\n\n<p class=\"has-link-color wp-elements-25a15dc57c16e8ea7230a6fe3d68b93e\" style=\"font-size:15px;font-style:normal;font-weight:300\"><br><strong>Jugendleiter<\/strong> I Jan Gollmar &amp; Tim Nepple<\/p>\n\n\n\n<p class=\"has-link-color wp-elements-bab8f027f0b19a69e4e33b85ed7a0189\" style=\"font-size:15px;font-style:normal;font-weight:300\"><br><strong>Beisitzer<\/strong> I Nadine Knodel, Marco Maier, Sven Straubinger,  Alfredo Viola <\/p>\n\n\n\n<p class=\"has-link-color wp-elements-d1583aabd42affcd29cb6a70205a6e88\" style=\"font-size:15px;font-style:normal;font-weight:300\"><br><strong>Jugendvertreter<\/strong> I Mia Knaus<\/p>\n\n\n\n<p class=\"has-link-color wp-elements-e58be7d10b37d8d0a3f5a94ee87fbb77\" style=\"font-size:15px;font-style:normal;font-weight:300\"><br><strong>Jugendvertreter Stellvertreter<\/strong> I Emma Gollmar<br><\/p>\n","protected":false},"excerpt":{"rendered":"<p>Die Vorstandschaft Vorsitzender Verwaltung I Noemi Butzengeiger Vorsitzender \u00d6ffentlichkeitsarbeit I Dorothee Pfattner Vorsitzender Event I Markus Reiser Kassiererin I Ursula Straubinger Der Ausschu\u00df Schriftf\u00fchrer I Barbara Bonanno Jugendleiter I Jan &#8230; <a title=\"Vorstandschaft\" class=\"read-more\" href=\"https:\/\/stadtkapelle-gammertingen.de\/?page_id=20\" aria-label=\"Mehr Informationen \u00fcber Vorstandschaft\">Weiterlesen<\/a><\/p>\n","protected":false},"author":1,"featured_media":0,"parent":0,"menu_order":0,"comment_status":"closed","ping_status":"closed","template":"","meta":{"_price":"","_stock":"","_tribe_ticket_header":"","_tribe_default_ticket_provider":"","_tribe_ticket_capacity":"0","_ticket_start_date":"","_ticket_end_date":"","_tribe_ticket_show_description":"","_tribe_ticket_show_not_going":false,"_tribe_ticket_use_global_stock":"","_tribe_ticket_global_stock_level":"","_global_stock_mode":"","_global_stock_cap":"","_tribe_rsvp_for_event":"","_tribe_ticket_going_count":"","_tribe_ticket_not_going_count":"","_tribe_tickets_list":"[]","_tribe_ticket_has_attendee_info_fields":false,"footnotes":"","_tec_slr_enabled":"","_tec_slr_layout":""},"wf_page_folders":[7],"class_list":["post-20","page","type-page","status-publish"],"jetpack_sharing_enabled":true,"ticketed":false,"_links":{"self":[{"href":"https:\/\/stadtkapelle-gammertingen.de\/index.php?rest_route=\/wp\/v2\/pages\/20","targetHints":{"allow":["GET"]}}],"collection":[{"href":"https:\/\/stadtkapelle-gammertingen.de\/index.php?rest_route=\/wp\/v2\/pages"}],"about":[{"href":"https:\/\/stadtkapelle-gammertingen.de\/index.php?rest_route=\/wp\/v2\/types\/page"}],"author":[{"embeddable":true,"href":"https:\/\/stadtkapelle-gammertingen.de\/index.php?rest_route=\/wp\/v2\/users\/1"}],"replies":[{"embeddable":true,"href":"https:\/\/stadtkapelle-gammertingen.de\/index.php?rest_route=%2Fwp%2Fv2%2Fcomments&post=20"}],"version-history":[{"count":35,"href":"https:\/\/stadtkapelle-gammertingen.de\/index.php?rest_route=\/wp\/v2\/pages\/20\/revisions"}],"predecessor-version":[{"id":1321,"href":"https:\/\/stadtkapelle-gammertingen.de\/index.php?rest_route=\/wp\/v2\/pages\/20\/revisions\/1321"}],"wp:attachment":[{"href":"https:\/\/stadtkapelle-gammertingen.de\/index.php?rest_route=%2Fwp%2Fv2%2Fmedia&parent=20"}],"wp:term":[{"taxonomy":"wf_page_folders","embeddable":true,"href":"https:\/\/stadtkapelle-gammertingen.de\/index.php?rest_route=%2Fwp%2Fv2%2Fwf_page_folders&post=20"}],"curies":[{"name":"wp","href":"https:\/\/api.w.org\/{rel}","templated":true}]}}