{"id":26,"date":"2023-03-17T14:39:17","date_gmt":"2023-03-17T14:39:17","guid":{"rendered":"https:\/\/stadtkapelle-gammertingen.de\/?page_id=26"},"modified":"2026-03-28T13:07:00","modified_gmt":"2026-03-28T13:07:00","slug":"impressum","status":"publish","type":"page","link":"https:\/\/stadtkapelle-gammertingen.de\/?page_id=26","title":{"rendered":"Impressum"},"content":{"rendered":"\n<div class=\"wp-block-columns is-layout-flex wp-container-core-columns-is-layout-9d6595d7 wp-block-columns-is-layout-flex\">\n<div class=\"wp-block-column is-layout-flow wp-block-column-is-layout-flow\">\n<p style=\"font-style:normal;font-weight:300\"><strong>Anschrift<\/strong><br>Stadtkapelle Gammertingen e. V.\u00a0<br>Linkstra\u00dfe 7<br>72818 Trochtelfingen &#8211; M\u00e4gerkingen<br>E-Mail:\u00a0<a href=\"mailto:vorstand@stadtkapelle-gammertingen.de\">vorstand@stadtkapelle-gammertingen.de<\/a><br><\/p>\n\n\n\n<p style=\"font-style:normal;font-weight:300\"><strong>Bankverbindungen<\/strong><br>Volksbank<strong> <\/strong>Hohenzollern-Balingen <br>IBAN DE20641632250741061007 BIC GENODES1VHZ<br><br>Landesbank Kreissparkasse Sigmaringen<br>IBAN DE25653510500000540577 BIC SOLADES1SIG<\/p>\n<\/div>\n<\/div>\n\n\n\n<p style=\"font-style:normal;font-weight:300\">Registergericht: Amtsgericht Ulm<br>Registernummer: VR 710028<br>Umsatzsteuer-Identifikationsnummer: 85086 \/ 00158<br><\/p>\n\n\n\n<div class=\"wp-block-columns is-layout-flex wp-container-core-columns-is-layout-9d6595d7 wp-block-columns-is-layout-flex\">\n<div class=\"wp-block-column is-layout-flow wp-block-column-is-layout-flow\">\n<p style=\"font-style:normal;font-weight:300\"><strong>Vertretungsberechtigte Vorst\u00e4nde:<\/strong><br>Vorsitzende \u00d6ffentlichkeitsarbeit I Dorothee Pfattner<br>Vorsitzender Verwaltung I Noemi Butzengeiger<br>Vorsitzende Event-Management I Markus Reiser<br>Kassiererin I Ursula Straubinger<\/p>\n\n\n\n<p style=\"font-style:normal;font-weight:300\"><br><strong>Rechtlicher Hinweis:<\/strong><br>Mit Urteil vom 12. Mai 1998 (312 O 85\/98) hat das Landgericht Hamburg entschieden, dass man durch das Setzen eines Links die Inhalte der gelinkten Seite mit zu verantworten hat. Dies kann nur dadurch verhindert werden, dass man sich ausdr\u00fccklich von diesen Inhalten distanziert. F\u00fcr alle Links, die von der Homepage der Stadtkapelle Gammertingen e.V. direkt oder indirekt zu anderen Internetseiten f\u00fchren gilt:<br>Der Webmaster erkl\u00e4rt ausdr\u00fccklich, dass er keinerlei Einfluss auf die Gestaltung und die Inhalte der gelinkten Seiten hat. Deshalb distanziert er sich hiermit ausdr\u00fccklich von den Inhalten aller gelinkten Seiten und macht sich diese nicht zueigen.<\/p>\n<\/div>\n<\/div>\n","protected":false},"excerpt":{"rendered":"<p>AnschriftStadtkapelle Gammertingen e. V.\u00a0Linkstra\u00dfe 772818 Trochtelfingen &#8211; M\u00e4gerkingenE-Mail:\u00a0vorstand@stadtkapelle-gammertingen.de BankverbindungenVolksbank Hohenzollern-Balingen IBAN DE20641632250741061007 BIC GENODES1VHZ Landesbank Kreissparkasse SigmaringenIBAN DE25653510500000540577 BIC SOLADES1SIG Registergericht: Amtsgericht UlmRegisternummer: VR 710028Umsatzsteuer-Identifikationsnummer: 85086 \/ 00158 Vertretungsberechtigte Vorst\u00e4nde:Vorsitzende &#8230; <a title=\"Impressum\" class=\"read-more\" href=\"https:\/\/stadtkapelle-gammertingen.de\/?page_id=26\" aria-label=\"Mehr Informationen \u00fcber Impressum\">Weiterlesen<\/a><\/p>\n","protected":false},"author":1,"featured_media":0,"parent":0,"menu_order":0,"comment_status":"closed","ping_status":"closed","template":"","meta":{"_price":"","_stock":"","_tribe_ticket_header":"","_tribe_default_ticket_provider":"","_tribe_ticket_capacity":"0","_ticket_start_date":"","_ticket_end_date":"","_tribe_ticket_show_description":"","_tribe_ticket_show_not_going":false,"_tribe_ticket_use_global_stock":"","_tribe_ticket_global_stock_level":"","_global_stock_mode":"","_global_stock_cap":"","_tribe_rsvp_for_event":"","_tribe_ticket_going_count":"","_tribe_ticket_not_going_count":"","_tribe_tickets_list":"[]","_tribe_ticket_has_attendee_info_fields":false,"footnotes":"","_tec_slr_enabled":"","_tec_slr_layout":""},"wf_page_folders":[],"class_list":["post-26","page","type-page","status-publish"],"jetpack_sharing_enabled":true,"ticketed":false,"_links":{"self":[{"href":"https:\/\/stadtkapelle-gammertingen.de\/index.php?rest_route=\/wp\/v2\/pages\/26","targetHints":{"allow":["GET"]}}],"collection":[{"href":"https:\/\/stadtkapelle-gammertingen.de\/index.php?rest_route=\/wp\/v2\/pages"}],"about":[{"href":"https:\/\/stadtkapelle-gammertingen.de\/index.php?rest_route=\/wp\/v2\/types\/page"}],"author":[{"embeddable":true,"href":"https:\/\/stadtkapelle-gammertingen.de\/index.php?rest_route=\/wp\/v2\/users\/1"}],"replies":[{"embeddable":true,"href":"https:\/\/stadtkapelle-gammertingen.de\/index.php?rest_route=%2Fwp%2Fv2%2Fcomments&post=26"}],"version-history":[{"count":13,"href":"https:\/\/stadtkapelle-gammertingen.de\/index.php?rest_route=\/wp\/v2\/pages\/26\/revisions"}],"predecessor-version":[{"id":1327,"href":"https:\/\/stadtkapelle-gammertingen.de\/index.php?rest_route=\/wp\/v2\/pages\/26\/revisions\/1327"}],"wp:attachment":[{"href":"https:\/\/stadtkapelle-gammertingen.de\/index.php?rest_route=%2Fwp%2Fv2%2Fmedia&parent=26"}],"wp:term":[{"taxonomy":"wf_page_folders","embeddable":true,"href":"https:\/\/stadtkapelle-gammertingen.de\/index.php?rest_route=%2Fwp%2Fv2%2Fwf_page_folders&post=26"}],"curies":[{"name":"wp","href":"https:\/\/api.w.org\/{rel}","templated":true}]}}