{"id":479,"date":"2023-07-07T12:43:37","date_gmt":"2023-07-07T12:43:37","guid":{"rendered":"https:\/\/stadtkapelle-gammertingen.de\/?page_id=479"},"modified":"2025-01-20T15:12:30","modified_gmt":"2025-01-20T15:12:30","slug":"jundarbeit","status":"publish","type":"page","link":"https:\/\/stadtkapelle-gammertingen.de\/?page_id=479","title":{"rendered":"Jugendarbeit"},"content":{"rendered":"\n<hr class=\"wp-block-separator has-alpha-channel-opacity\"\/>\n\n\n\n<p style=\"font-size:16px;font-style:normal;font-weight:300\">Magst du Musik?<br>Willst du nicht nur zuh\u00f6ren, sondern auch selbst musizieren? Hast du Lust, ein Instrument zu lernen?<br>Dann bist du bei uns genau richtig!<br><\/p>\n\n\n\n<p style=\"font-size:16px;font-style:normal;font-weight:300\">Die Stadtkapelle Gammertingen freut sich stets \u00fcber Nachwuchs und bietet die Ausbildung an folgenden Instrumenten an:<\/p>\n\n\n\n<figure class=\"wp-block-image size-large\"><img loading=\"lazy\" decoding=\"async\" width=\"1024\" height=\"576\" src=\"https:\/\/stadtkapelle-gammertingen.de\/wp-content\/uploads\/2023\/10\/Querfloete-1024x576.png\" alt=\"\" class=\"wp-image-651\" srcset=\"https:\/\/stadtkapelle-gammertingen.de\/wp-content\/uploads\/2023\/10\/Querfloete-1024x576.png 1024w, https:\/\/stadtkapelle-gammertingen.de\/wp-content\/uploads\/2023\/10\/Querfloete-300x169.png 300w, https:\/\/stadtkapelle-gammertingen.de\/wp-content\/uploads\/2023\/10\/Querfloete-768x432.png 768w, https:\/\/stadtkapelle-gammertingen.de\/wp-content\/uploads\/2023\/10\/Querfloete.png 1366w\" sizes=\"auto, (max-width: 1024px) 100vw, 1024px\" \/><\/figure>\n\n\n\n<p style=\"font-size:16px;font-style:normal;font-weight:300\">Unsere qualifizierten Musiklehrer bringen dir alles bei, was du \u00fcber dein Instrument wissen musst und wie man es richtig spielt. Der Unterricht erfolgt entweder einzeln oder in Zweiergruppen. Au\u00dferdem gibt es die M\u00f6glichkeit, die Instrumente auszuleihen oder auch einmal unverbindlich auszuprobieren. Die Unterrichtstage und Kosten variieren je nach Instrument, die Vorst\u00e4nde der Stadtkapelle oder die Musiklehrer geben hier gerne genauere Infos.<br>Aber nat\u00fcrlich macht das gemeinsame Musizieren noch viel mehr Spa\u00df als alleine! Deshalb kannst du, sobald die ersten T\u00f6ne sicher sitzen, bei den Minimusikanten und sp\u00e4ter bei der Jugendkapelle mitspielen. So wird auch das Geh\u00f6r weiter geschult und du lernst andere Kinder kennen, die genauso Spa\u00df an der Musik haben wie du. Au\u00dferdem gibt es viele weitere gemeinsame Freizeitaktivit\u00e4ten wie Ausfl\u00fcge, Weihnachtsfeier oder Gemeinschaftsabende.<br>Na, haben wir dein Interesse geweckt?<\/p>\n\n\n\n<p style=\"font-size:16px;font-style:normal;font-weight:300\"><br>Dann melde dich doch einfach telefonisch oder per E-mail bei:<br><br>Dorothee Pfattner<br>Stefan Maier +49 173 6540392<br>vorstand@stadtkapelle-gammertingen.de<\/p>\n\n\n\n<hr class=\"wp-block-separator has-alpha-channel-opacity\"\/>\n\n\n\n<figure class=\"wp-block-gallery has-nested-images columns-default is-cropped wp-block-gallery-1 is-layout-flex wp-block-gallery-is-layout-flex\">\n<figure class=\"wp-block-image size-medium has-custom-border is-style-default\"><img loading=\"lazy\" decoding=\"async\" width=\"300\" height=\"225\" data-id=\"654\" src=\"https:\/\/stadtkapelle-gammertingen.de\/wp-content\/uploads\/2023\/10\/PHOTO-2022-11-05-14-59-47-300x225.jpg\" alt=\"\" class=\"wp-image-654\" style=\"border-style:none;border-width:0px;border-radius:0px\" srcset=\"https:\/\/stadtkapelle-gammertingen.de\/wp-content\/uploads\/2023\/10\/PHOTO-2022-11-05-14-59-47-300x225.jpg 300w, https:\/\/stadtkapelle-gammertingen.de\/wp-content\/uploads\/2023\/10\/PHOTO-2022-11-05-14-59-47-768x576.jpg 768w, https:\/\/stadtkapelle-gammertingen.de\/wp-content\/uploads\/2023\/10\/PHOTO-2022-11-05-14-59-47.jpg 1024w\" sizes=\"auto, (max-width: 300px) 100vw, 300px\" \/><figcaption class=\"wp-element-caption\">Jugendtag mit den Jugendliche der Stadtkapelle Gammertingen<\/figcaption><\/figure>\n<\/figure>\n","protected":false},"excerpt":{"rendered":"<p>Magst du Musik?Willst du nicht nur zuh\u00f6ren, sondern auch selbst musizieren? Hast du Lust, ein Instrument zu lernen?Dann bist du bei uns genau richtig! Die Stadtkapelle Gammertingen freut sich stets &#8230; <a title=\"Jugendarbeit\" class=\"read-more\" href=\"https:\/\/stadtkapelle-gammertingen.de\/?page_id=479\" aria-label=\"Mehr Informationen \u00fcber Jugendarbeit\">Weiterlesen<\/a><\/p>\n","protected":false},"author":1,"featured_media":0,"parent":0,"menu_order":0,"comment_status":"closed","ping_status":"closed","template":"","meta":{"_price":"","_stock":"","_tribe_ticket_header":"","_tribe_default_ticket_provider":"","_tribe_ticket_capacity":"0","_ticket_start_date":"","_ticket_end_date":"","_tribe_ticket_show_description":"","_tribe_ticket_show_not_going":false,"_tribe_ticket_use_global_stock":"","_tribe_ticket_global_stock_level":"","_global_stock_mode":"","_global_stock_cap":"","_tribe_rsvp_for_event":"","_tribe_ticket_going_count":"","_tribe_ticket_not_going_count":"","_tribe_tickets_list":"[]","_tribe_ticket_has_attendee_info_fields":false,"footnotes":"","_tec_slr_enabled":"","_tec_slr_layout":""},"wf_page_folders":[],"class_list":["post-479","page","type-page","status-publish"],"jetpack_sharing_enabled":true,"ticketed":false,"_links":{"self":[{"href":"https:\/\/stadtkapelle-gammertingen.de\/index.php?rest_route=\/wp\/v2\/pages\/479","targetHints":{"allow":["GET"]}}],"collection":[{"href":"https:\/\/stadtkapelle-gammertingen.de\/index.php?rest_route=\/wp\/v2\/pages"}],"about":[{"href":"https:\/\/stadtkapelle-gammertingen.de\/index.php?rest_route=\/wp\/v2\/types\/page"}],"author":[{"embeddable":true,"href":"https:\/\/stadtkapelle-gammertingen.de\/index.php?rest_route=\/wp\/v2\/users\/1"}],"replies":[{"embeddable":true,"href":"https:\/\/stadtkapelle-gammertingen.de\/index.php?rest_route=%2Fwp%2Fv2%2Fcomments&post=479"}],"version-history":[{"count":9,"href":"https:\/\/stadtkapelle-gammertingen.de\/index.php?rest_route=\/wp\/v2\/pages\/479\/revisions"}],"predecessor-version":[{"id":1146,"href":"https:\/\/stadtkapelle-gammertingen.de\/index.php?rest_route=\/wp\/v2\/pages\/479\/revisions\/1146"}],"wp:attachment":[{"href":"https:\/\/stadtkapelle-gammertingen.de\/index.php?rest_route=%2Fwp%2Fv2%2Fmedia&parent=479"}],"wp:term":[{"taxonomy":"wf_page_folders","embeddable":true,"href":"https:\/\/stadtkapelle-gammertingen.de\/index.php?rest_route=%2Fwp%2Fv2%2Fwf_page_folders&post=479"}],"curies":[{"name":"wp","href":"https:\/\/api.w.org\/{rel}","templated":true}]}}